{"id":80,"date":"2014-10-17T18:13:10","date_gmt":"2014-10-17T16:13:10","guid":{"rendered":"http:\/\/blog.ec35.de\/?page_id=80"},"modified":"2014-10-17T18:13:10","modified_gmt":"2014-10-17T16:13:10","slug":"ueber-diesen-blog","status":"publish","type":"page","link":"https:\/\/blog.ec35.de\/?page_id=80","title":{"rendered":"\u00dcber diesen Blog"},"content":{"rendered":"<h1 style=\"text-align: justify;\">Hallo und Willkommen auf der Seite.<\/h1>\n<h5>Einige werden sich sicherlich fragen, oh nein schon wieder ein Blog<\/h5>\n<hr \/>\n<p>Also wozu das Ganze hier. Wir haben uns gedacht, da wir eh st\u00e4ndig beim Lesen von irgendwelchen Blogs und Feeds sind, k\u00f6nnte es Sinn machen, wenn Nachrichten oder Hinweise, aber auch eigene Beitr\u00e4ge hier gesammelt werden k\u00f6nnen. Welche Kategorien dabei entstehen werden, wird sich finden. Ein Hauptteil soll werden, die Neuigkeiten schnell zu verlinken und damit schon aus der Flut der Informationen im Netz, eine kleine Kompression zu haben.<\/p>\n<hr \/>\n<p>Eine weitere Idee ist, dass alle aktuellen Lehrg\u00e4nge hier abrufbar sind. Die Eintr\u00e4ge werden \u00fcber mich in einem Google-Kalender eingestellt und werden immer auf dem aktuellen Stand sein. Die aktuellen Belegungszahlen werden auch eingepflegt. Alle Informationen sind nat\u00fcrlich rein informell und\u00a0 nicht bei AuF zitierf\u00e4hig.<\/p>\n<hr \/>\n<p>Wer mag kann sich nat\u00fcrlich aktiv an der Seite beteiligen. Schickt mir eine Mail ( dstl. ) und ich werde Euch als Autor registrieren. Auf einen direkten Link wurde verzichtet.<\/p>\n<hr \/>\n<p>Ein Problem stellt nat\u00fcrlich der Datenschutz dar. Hier werden keine Daten, bis auf meine, eingetragen werden, die R\u00fcckschl\u00fcsse auf die &#8222;echte Person&#8220; zulassen. Dies betrifft auch Ver\u00f6fentlichungen von forensischen Themen, die daf\u00fcr genutzt werden k\u00f6nnten, geeignete Gegenma\u00dfnahmen zu ergreifen.<\/p>\n<hr \/>\n<p>Zum Design &#8230;. naja bin noch absoluter Newbie in Worpress, deshalb werde ich einfach ein wenig ausprobieren. Mein Mitarbeiter wird die Seite aber bis aufs \u00dcbelste angreifen, die Ergebnisse werden dann gepostet.<\/p>\n<hr \/>\n<p>Dann hoffe ich mal, dass der Blog vieleicht einen Nutzen haben wird.<\/p>\n<p>&nbsp;<\/p>\n","protected":false},"excerpt":{"rendered":"<p>Hallo und Willkommen auf der Seite. Einige werden sich sicherlich fragen, oh nein schon wieder ein Blog Also wozu das Ganze hier. Wir haben uns gedacht, da wir eh st\u00e4ndig beim Lesen von irgendwelchen Blogs und Feeds sind, k\u00f6nnte es Sinn machen, wenn Nachrichten oder Hinweise, aber auch eigene Beitr\u00e4ge hier gesammelt werden k\u00f6nnen. Welche [&hellip;]<\/p>\n","protected":false},"author":1,"featured_media":0,"parent":0,"menu_order":0,"comment_status":"closed","ping_status":"closed","template":"page-templates\/full-width.php","meta":{"spay_email":""},"jetpack_shortlink":"https:\/\/wp.me\/P5bxlZ-1i","jetpack_sharing_enabled":true,"_links":{"self":[{"href":"https:\/\/blog.ec35.de\/index.php?rest_route=\/wp\/v2\/pages\/80"}],"collection":[{"href":"https:\/\/blog.ec35.de\/index.php?rest_route=\/wp\/v2\/pages"}],"about":[{"href":"https:\/\/blog.ec35.de\/index.php?rest_route=\/wp\/v2\/types\/page"}],"author":[{"embeddable":true,"href":"https:\/\/blog.ec35.de\/index.php?rest_route=\/wp\/v2\/users\/1"}],"replies":[{"embeddable":true,"href":"https:\/\/blog.ec35.de\/index.php?rest_route=%2Fwp%2Fv2%2Fcomments&post=80"}],"version-history":[{"count":1,"href":"https:\/\/blog.ec35.de\/index.php?rest_route=\/wp\/v2\/pages\/80\/revisions"}],"predecessor-version":[{"id":81,"href":"https:\/\/blog.ec35.de\/index.php?rest_route=\/wp\/v2\/pages\/80\/revisions\/81"}],"wp:attachment":[{"href":"https:\/\/blog.ec35.de\/index.php?rest_route=%2Fwp%2Fv2%2Fmedia&parent=80"}],"curies":[{"name":"wp","href":"https:\/\/api.w.org\/{rel}","templated":true}]}}